{"id":2523,"date":"2019-06-13T09:42:30","date_gmt":"2019-06-13T07:42:30","guid":{"rendered":"http:\/\/www.appartamentivalgrisenche.com\/?page_id=2523"},"modified":"2024-10-17T17:00:07","modified_gmt":"2024-10-17T15:00:07","slug":"equipements-des-logements","status":"publish","type":"page","link":"https:\/\/www.appartamentivalgrisenche.com\/fr\/equipements-des-logements\/","title":{"rendered":"Equipements des logements"},"content":{"rendered":"<div class=\"wpb-content-wrapper\">[vc_row css_animation=&#8221;left-to-right&#8221;][vc_column]<h2 class=\"calluna-heading calluna-heading-none text-align-left \" ><span>\u00c9quipements des logements<\/span><\/h2>[vc_column_text]\n<p class=\"Standard\"><strong><i><span lang=\"FR\">Coin-cuisine \u00e9quip\u00e9<\/span><\/i><\/strong><\/p>\n<p class=\"Standard\"><span lang=\"FR\">Set Casseroles et Po\u00eales<\/span><\/p>\n<p class=\"Standard\"><span lang=\"FR\">Kit pour le petit-d\u00e9jeuner : Petites et grandes tasses, et soucoupes<\/span><\/p>\n<p class=\"Standard\"><span lang=\"FR\">Kit pour le repas: Assiettes creuses, assiettes plates, verres et couverts, nappe<\/span><\/p>\n<p class=\"Standard\"><span lang=\"FR\">Bouilloire<\/span><\/p>\n[\/vc_column_text][vc_separator el_width=&#8221;60&#8243;][\/vc_column][\/vc_row][vc_row css_animation=&#8221;right-to-left&#8221;][vc_column][vc_column_text]\n<p class=\"Standard\"><strong><i><span lang=\"FR\">\u00c9quipements pour la propret\u00e9 de la maison<\/span><\/i><\/strong><\/p>\n<p class=\"Standard\"><span lang=\"FR\">Serpilli\u00e8re, petite pelle, seau, chiffons pour la propret\u00e9 du sol, \u00e9ponges pour laver les plats, et \u00e9ponges pour la propret\u00e9 de la salle de bain.<\/span><\/p>\n[\/vc_column_text][vc_separator el_width=&#8221;60&#8243;][\/vc_column][\/vc_row][vc_row css_animation=&#8221;left-to-right&#8221;][vc_column][vc_column_text css=&#8221;&#8221;]<em><strong>Appareils \u00e9lectrom\u00e9nagers<\/strong><\/em><\/p>\n<p class=\"Standard\"><span lang=\"FR\">T\u00e9l\u00e9vision \u00e0 \u00e9cran plat<\/span><\/p>\n<p class=\"Standard\"><span lang=\"FR\">Lava-linge (\u00e0 l&#8217;exception des appartements Cassiopea, Idra, Lepre et Lupo. Un lave-linge et un s\u00e8che-linge sont disponibles dans la salle commune au rez-de-chauss\u00e9e de Idra et Cassiopea)<\/span><\/p>\n<p class=\"Standard\"><span lang=\"FR\">S\u00e8che-cheveux<\/span><\/p>\n[\/vc_column_text][vc_separator el_width=&#8221;60&#8243;][\/vc_column][\/vc_row][vc_row css_animation=&#8221;right-to-left&#8221;][vc_column][vc_column_text]<em><strong>Accessoires<\/strong><\/em><\/p>\n<p class=\"Standard\"><span lang=\"FR\">Tire-bouchon, r\u00e2pe, louche en bois ou en mat\u00e9riaux qui n&#8217;endommagent pas les casseroles<\/span><\/p>\n[\/vc_column_text][vc_separator el_width=&#8221;60&#8243;][\/vc_column][\/vc_row][vc_row css_animation=&#8221;left-to-right&#8221;][vc_column][vc_column_text css=&#8221;&#8221;]<em><strong>Autre<\/strong><\/em><\/p>\n<p class=\"Standard\"><span lang=\"FR\">Ajouts suppl\u00e9mentaires tels que des coussins et des couvertures de linge extensibles, des kits toilettes, salle de bain (savons, bain douche, &#8230;)<\/span><\/p>\n<p class=\"Standard\">Appartements avec WI-FI gratuit<\/p>\n<p class=\"Standard\">T\u00e9l\u00e9 avec cha\u00eenes satellites<\/p>\n[\/vc_column_text][\/vc_column][\/vc_row]\n<\/div>","protected":false},"excerpt":{"rendered":"<p>[vc_row css_animation=&#8221;left-to-right&#8221;][vc_column][vc_column_text] Coin-cuisine \u00e9quip\u00e9 Set Casseroles et Po\u00eales Kit pour le petit-d\u00e9jeuner : Petites et grandes tasses, et soucoupes Kit pour le repas: Assiettes creuses, assiettes plates, verres et couverts, nappe Bouilloire [\/vc_column_text][vc_separator el_width=&#8221;60&#8243;][\/vc_column][\/vc_row][vc_row css_animation=&#8221;right-to-left&#8221;][vc_column][vc_column_text] \u00c9quipements pour la propret\u00e9 de la maison Serpilli\u00e8re, petite pelle, seau, chiffons pour la propret\u00e9 du sol, \u00e9ponges pour laver [&hellip;]<\/p>\n","protected":false},"author":1,"featured_media":0,"parent":0,"menu_order":0,"comment_status":"closed","ping_status":"closed","template":"","meta":{"footnotes":""},"class_list":["post-2523","page","type-page","status-publish","hentry"],"yoast_head":"<!-- This site is optimized with the Yoast SEO plugin v27.3 - https:\/\/yoast.com\/product\/yoast-seo-wordpress\/ -->\n<title>Equipements des logements - Valgrisenche - appartamenti Seconda stella a destra<\/title>\n<meta name=\"robots\" content=\"index, follow, max-snippet:-1, max-image-preview:large, max-video-preview:-1\" \/>\n<link rel=\"canonical\" href=\"https:\/\/www.appartamentivalgrisenche.com\/fr\/equipements-des-logements\/\" \/>\n<meta property=\"og:locale\" content=\"fr_FR\" \/>\n<meta property=\"og:type\" content=\"article\" \/>\n<meta property=\"og:title\" content=\"Equipements des logements - Valgrisenche - appartamenti Seconda stella a destra\" \/>\n<meta property=\"og:description\" content=\"[vc_row css_animation=&#8221;left-to-right&#8221;][vc_column][vc_column_text] Coin-cuisine \u00e9quip\u00e9 Set Casseroles et Po\u00eales Kit pour le petit-d\u00e9jeuner : Petites et grandes tasses, et soucoupes Kit pour le repas: Assiettes creuses, assiettes plates, verres et couverts, nappe Bouilloire [\/vc_column_text][vc_separator el_width=&#8221;60&#8243;][\/vc_column][\/vc_row][vc_row css_animation=&#8221;right-to-left&#8221;][vc_column][vc_column_text] \u00c9quipements pour la propret\u00e9 de la maison Serpilli\u00e8re, petite pelle, seau, chiffons pour la propret\u00e9 du sol, \u00e9ponges pour laver [&hellip;]\" \/>\n<meta property=\"og:url\" content=\"https:\/\/www.appartamentivalgrisenche.com\/fr\/equipements-des-logements\/\" \/>\n<meta property=\"og:site_name\" content=\"Valgrisenche - appartamenti Seconda stella a destra\" \/>\n<meta property=\"article:modified_time\" content=\"2024-10-17T15:00:07+00:00\" \/>\n<meta name=\"twitter:card\" content=\"summary_large_image\" \/>\n<meta name=\"twitter:label1\" content=\"Est. reading time\" \/>\n\t<meta name=\"twitter:data1\" content=\"1 minute\" \/>\n<script type=\"application\/ld+json\" class=\"yoast-schema-graph\">{\"@context\":\"https:\\\/\\\/schema.org\",\"@graph\":[{\"@type\":\"WebPage\",\"@id\":\"https:\\\/\\\/www.appartamentivalgrisenche.com\\\/fr\\\/equipements-des-logements\\\/\",\"url\":\"https:\\\/\\\/www.appartamentivalgrisenche.com\\\/fr\\\/equipements-des-logements\\\/\",\"name\":\"Equipements des logements - Valgrisenche - appartamenti Seconda stella a destra\",\"isPartOf\":{\"@id\":\"https:\\\/\\\/www.appartamentivalgrisenche.com\\\/#website\"},\"datePublished\":\"2019-06-13T07:42:30+00:00\",\"dateModified\":\"2024-10-17T15:00:07+00:00\",\"breadcrumb\":{\"@id\":\"https:\\\/\\\/www.appartamentivalgrisenche.com\\\/fr\\\/equipements-des-logements\\\/#breadcrumb\"},\"inLanguage\":\"fr-FR\",\"potentialAction\":[{\"@type\":\"ReadAction\",\"target\":[\"https:\\\/\\\/www.appartamentivalgrisenche.com\\\/fr\\\/equipements-des-logements\\\/\"]}]},{\"@type\":\"BreadcrumbList\",\"@id\":\"https:\\\/\\\/www.appartamentivalgrisenche.com\\\/fr\\\/equipements-des-logements\\\/#breadcrumb\",\"itemListElement\":[{\"@type\":\"ListItem\",\"position\":1,\"name\":\"Home\",\"item\":\"https:\\\/\\\/www.appartamentivalgrisenche.com\\\/fr\\\/\"},{\"@type\":\"ListItem\",\"position\":2,\"name\":\"Equipements des logements\"}]},{\"@type\":\"WebSite\",\"@id\":\"https:\\\/\\\/www.appartamentivalgrisenche.com\\\/#website\",\"url\":\"https:\\\/\\\/www.appartamentivalgrisenche.com\\\/\",\"name\":\"Valgrisenche - appartamenti Seconda stella a destra\",\"description\":\"Valgrisenche - appartamenti Seconda stella a destra\",\"publisher\":{\"@id\":\"https:\\\/\\\/www.appartamentivalgrisenche.com\\\/#organization\"},\"potentialAction\":[{\"@type\":\"SearchAction\",\"target\":{\"@type\":\"EntryPoint\",\"urlTemplate\":\"https:\\\/\\\/www.appartamentivalgrisenche.com\\\/?s={search_term_string}\"},\"query-input\":{\"@type\":\"PropertyValueSpecification\",\"valueRequired\":true,\"valueName\":\"search_term_string\"}}],\"inLanguage\":\"fr-FR\"},{\"@type\":\"Organization\",\"@id\":\"https:\\\/\\\/www.appartamentivalgrisenche.com\\\/#organization\",\"name\":\"Valgrisenche - appartamenti Seconda stella a destra\",\"url\":\"https:\\\/\\\/www.appartamentivalgrisenche.com\\\/\",\"logo\":{\"@type\":\"ImageObject\",\"inLanguage\":\"fr-FR\",\"@id\":\"https:\\\/\\\/www.appartamentivalgrisenche.com\\\/#\\\/schema\\\/logo\\\/image\\\/\",\"url\":\"https:\\\/\\\/www.appartamentivalgrisenche.com\\\/wp-content\\\/uploads\\\/2016\\\/10\\\/valgrisenche-secondastellaadestra.png\",\"contentUrl\":\"https:\\\/\\\/www.appartamentivalgrisenche.com\\\/wp-content\\\/uploads\\\/2016\\\/10\\\/valgrisenche-secondastellaadestra.png\",\"width\":260,\"height\":165,\"caption\":\"Valgrisenche - appartamenti Seconda stella a destra\"},\"image\":{\"@id\":\"https:\\\/\\\/www.appartamentivalgrisenche.com\\\/#\\\/schema\\\/logo\\\/image\\\/\"}}]}<\/script>\n<!-- \/ Yoast SEO plugin. -->","yoast_head_json":{"title":"Equipements des logements - Valgrisenche - appartamenti Seconda stella a destra","robots":{"index":"index","follow":"follow","max-snippet":"max-snippet:-1","max-image-preview":"max-image-preview:large","max-video-preview":"max-video-preview:-1"},"canonical":"https:\/\/www.appartamentivalgrisenche.com\/fr\/equipements-des-logements\/","og_locale":"fr_FR","og_type":"article","og_title":"Equipements des logements - Valgrisenche - appartamenti Seconda stella a destra","og_description":"[vc_row css_animation=&#8221;left-to-right&#8221;][vc_column][vc_column_text] Coin-cuisine \u00e9quip\u00e9 Set Casseroles et Po\u00eales Kit pour le petit-d\u00e9jeuner : Petites et grandes tasses, et soucoupes Kit pour le repas: Assiettes creuses, assiettes plates, verres et couverts, nappe Bouilloire [\/vc_column_text][vc_separator el_width=&#8221;60&#8243;][\/vc_column][\/vc_row][vc_row css_animation=&#8221;right-to-left&#8221;][vc_column][vc_column_text] \u00c9quipements pour la propret\u00e9 de la maison Serpilli\u00e8re, petite pelle, seau, chiffons pour la propret\u00e9 du sol, \u00e9ponges pour laver [&hellip;]","og_url":"https:\/\/www.appartamentivalgrisenche.com\/fr\/equipements-des-logements\/","og_site_name":"Valgrisenche - appartamenti Seconda stella a destra","article_modified_time":"2024-10-17T15:00:07+00:00","twitter_card":"summary_large_image","twitter_misc":{"Est. reading time":"1 minute"},"schema":{"@context":"https:\/\/schema.org","@graph":[{"@type":"WebPage","@id":"https:\/\/www.appartamentivalgrisenche.com\/fr\/equipements-des-logements\/","url":"https:\/\/www.appartamentivalgrisenche.com\/fr\/equipements-des-logements\/","name":"Equipements des logements - Valgrisenche - appartamenti Seconda stella a destra","isPartOf":{"@id":"https:\/\/www.appartamentivalgrisenche.com\/#website"},"datePublished":"2019-06-13T07:42:30+00:00","dateModified":"2024-10-17T15:00:07+00:00","breadcrumb":{"@id":"https:\/\/www.appartamentivalgrisenche.com\/fr\/equipements-des-logements\/#breadcrumb"},"inLanguage":"fr-FR","potentialAction":[{"@type":"ReadAction","target":["https:\/\/www.appartamentivalgrisenche.com\/fr\/equipements-des-logements\/"]}]},{"@type":"BreadcrumbList","@id":"https:\/\/www.appartamentivalgrisenche.com\/fr\/equipements-des-logements\/#breadcrumb","itemListElement":[{"@type":"ListItem","position":1,"name":"Home","item":"https:\/\/www.appartamentivalgrisenche.com\/fr\/"},{"@type":"ListItem","position":2,"name":"Equipements des logements"}]},{"@type":"WebSite","@id":"https:\/\/www.appartamentivalgrisenche.com\/#website","url":"https:\/\/www.appartamentivalgrisenche.com\/","name":"Valgrisenche - appartamenti Seconda stella a destra","description":"Valgrisenche - appartamenti Seconda stella a destra","publisher":{"@id":"https:\/\/www.appartamentivalgrisenche.com\/#organization"},"potentialAction":[{"@type":"SearchAction","target":{"@type":"EntryPoint","urlTemplate":"https:\/\/www.appartamentivalgrisenche.com\/?s={search_term_string}"},"query-input":{"@type":"PropertyValueSpecification","valueRequired":true,"valueName":"search_term_string"}}],"inLanguage":"fr-FR"},{"@type":"Organization","@id":"https:\/\/www.appartamentivalgrisenche.com\/#organization","name":"Valgrisenche - appartamenti Seconda stella a destra","url":"https:\/\/www.appartamentivalgrisenche.com\/","logo":{"@type":"ImageObject","inLanguage":"fr-FR","@id":"https:\/\/www.appartamentivalgrisenche.com\/#\/schema\/logo\/image\/","url":"https:\/\/www.appartamentivalgrisenche.com\/wp-content\/uploads\/2016\/10\/valgrisenche-secondastellaadestra.png","contentUrl":"https:\/\/www.appartamentivalgrisenche.com\/wp-content\/uploads\/2016\/10\/valgrisenche-secondastellaadestra.png","width":260,"height":165,"caption":"Valgrisenche - appartamenti Seconda stella a destra"},"image":{"@id":"https:\/\/www.appartamentivalgrisenche.com\/#\/schema\/logo\/image\/"}}]}},"_links":{"self":[{"href":"https:\/\/www.appartamentivalgrisenche.com\/fr\/wp-json\/wp\/v2\/pages\/2523","targetHints":{"allow":["GET"]}}],"collection":[{"href":"https:\/\/www.appartamentivalgrisenche.com\/fr\/wp-json\/wp\/v2\/pages"}],"about":[{"href":"https:\/\/www.appartamentivalgrisenche.com\/fr\/wp-json\/wp\/v2\/types\/page"}],"author":[{"embeddable":true,"href":"https:\/\/www.appartamentivalgrisenche.com\/fr\/wp-json\/wp\/v2\/users\/1"}],"replies":[{"embeddable":true,"href":"https:\/\/www.appartamentivalgrisenche.com\/fr\/wp-json\/wp\/v2\/comments?post=2523"}],"version-history":[{"count":8,"href":"https:\/\/www.appartamentivalgrisenche.com\/fr\/wp-json\/wp\/v2\/pages\/2523\/revisions"}],"predecessor-version":[{"id":3687,"href":"https:\/\/www.appartamentivalgrisenche.com\/fr\/wp-json\/wp\/v2\/pages\/2523\/revisions\/3687"}],"wp:attachment":[{"href":"https:\/\/www.appartamentivalgrisenche.com\/fr\/wp-json\/wp\/v2\/media?parent=2523"}],"curies":[{"name":"wp","href":"https:\/\/api.w.org\/{rel}","templated":true}]}}